{"id":5,"date":"2020-10-02T19:56:26","date_gmt":"2020-10-02T17:56:26","guid":{"rendered":"http:\/\/aartherapie.fr\/?page_id=5"},"modified":"2021-01-05T18:16:44","modified_gmt":"2021-01-05T17:16:44","slug":"accueil","status":"publish","type":"page","link":"https:\/\/aartherapie.fr\/","title":{"rendered":"Accueil"},"content":{"rendered":"\n<h2 class=\"wp-block-heading\" style=\"text-align:center\"><br><\/h2>\n\n\n\n<p style=\"text-align:center\" class=\"has-text-color has-medium-font-size has-very-dark-gray-color\"> <strong>&nbsp;L\u2019art-th\u00e9rapie: cr\u00e9er pour se transformer, r\u00e9parer, d\u00e9nouer les blocages<\/strong> <\/p>\n\n\n\nngg_shortcode_0_placeholder\n\n\n\n<p style=\"text-align:center\" class=\"has-text-color has-medium-font-size has-very-dark-gray-color\"><strong>L\u2019art- th\u00e9rapie en quelques\nmots<\/strong><\/p>\n\n\n\n<p><\/p>\n\n\n\n<div class=\"wp-block-media-text alignwide has-media-on-the-right\" style=\"grid-template-columns:auto 36%\"><figure class=\"wp-block-media-text__media\"><img loading=\"lazy\" decoding=\"async\" width=\"311\" height=\"214\" src=\"http:\/\/aartherapie.fr\/wp-content\/uploads\/2021\/01\/mots2.png\" alt=\"\" class=\"wp-image-77\" srcset=\"https:\/\/aartherapie.fr\/wp-content\/uploads\/2021\/01\/mots2.png 311w, https:\/\/aartherapie.fr\/wp-content\/uploads\/2021\/01\/mots2-300x206.png 300w\" sizes=\"auto, (max-width: 311px) 100vw, 311px\" \/><\/figure><div class=\"wp-block-media-text__content\">\n<p>\n\nL&rsquo;art-th\u00e9rapie est une approche th\u00e9rapeutique qui permet, en douceur et \u00e0 travers la cr\u00e9ation, d&rsquo;aborder un travail personnel, de transformer, r\u00e9parer, soigner les blocages. \n\n<\/p>\n<\/div><\/div>\n\n\n\n<p>Inutile d\u2019avoir des comp\u00e9tences artistiques. Avec l\u2019art-th\u00e9rapie, c\u2019est vous qui choisissez comment vous exprimer. Je vous propose des m\u00e9diations et des projets en fonction de votre demande. <\/p>\n\n\n\n<p style=\"text-align:left\">\n\nJe cr\u00e9e sur mesure, pour vous, une proposition adapt\u00e9e \u00e0 vos besoins o\u00f9 vous serez acteur de votre changement.  \n\n<\/p>\n\n\n\n<div class=\"wp-block-media-text alignwide\" style=\"grid-template-columns:27% auto\"><figure class=\"wp-block-media-text__media\"><img loading=\"lazy\" decoding=\"async\" width=\"209\" height=\"119\" src=\"http:\/\/aartherapie.fr\/wp-content\/uploads\/2021\/01\/mots1.png\" alt=\"\" class=\"wp-image-76\"\/><\/figure><div class=\"wp-block-media-text__content\">\n<p>\n\nPour cela, il nous faut une premi\u00e8re rencontre o\u00f9 nous d\u00e9terminerons ensemble des objectifs.\n\n<\/p>\n<\/div><\/div>\n\n\n\n<p>Mon\ncadre \u00e9thique est celui de tout th\u00e9rapeute: confidentialit\u00e9, accueil\ninconditionnel et bienveillance. Je me r\u00e9f\u00e8re au code de d\u00e9ontologie de la FFAT\n(F\u00e9d\u00e9ration Fran\u00e7aise des Art-Th\u00e9rapeutes) et je suis, \u00e0 ce titre, supervis\u00e9e.<\/p>\n\n\n\n<p>Je poursuis\n\u00e9galement des recherches dans le domaine de l\u2019art et de la th\u00e9rapie, me r\u00e9f\u00e8re\n\u00e0 la philosophie, la psychanalyse, l\u2019ethnologie ou l\u2019esth\u00e9tique.<\/p>\n\n\n\n<p style=\"text-align:center\" class=\"has-text-color has-medium-font-size has-very-dark-gray-color\"><strong>Pour qui&nbsp;?<\/strong><\/p>\n\n\n\n<p style=\"text-align:center\"><strong>L&rsquo;art-th\u00e9rapie pour les Enfants:<\/strong><\/p>\n\n\n\n<p>La\np\u00e9riode de l\u2019enfance est ponctu\u00e9e d\u2019\u00e9tapes primordiales n\u00e9cessaires \u00e0\nl\u2019\u00e9quilibre: le langage, le sommeil, la propret\u00e9, la socialisation, la\nmotricit\u00e9\u2026<\/p>\n\n\n\n<div class=\"wp-block-media-text alignwide has-media-on-the-right\" style=\"grid-template-columns:auto 31%\"><figure class=\"wp-block-media-text__media\"><img loading=\"lazy\" decoding=\"async\" width=\"235\" height=\"157\" src=\"http:\/\/aartherapie.fr\/wp-content\/uploads\/2021\/01\/qui2.png\" alt=\"\" class=\"wp-image-82\"\/><\/figure><div class=\"wp-block-media-text__content\">\n<p>\n\nParfois, quelque chose coince. L\u2019enfant qui n\u2019a pas forc\u00e9ment de mots pour exprimer ce qu\u2019il n\u2019arrive pas \u00e0 apprendre, peut exprimer son mal-\u00eatre par des comportements atypiques ou d\u00e9cal\u00e9s, d\u00e9velopper des troubles du sommeil, du langage, de la jalousie, de l\u2019opposition\u2026\n\n<\/p>\n<\/div><\/div>\n\n\n\n<p>Dans ce\ncas, l\u2019art-th\u00e9rapie est un suivi th\u00e9rapeutique tr\u00e8s efficace&nbsp; car l\u2019enfant peut, sans avoir \u00e0 parler,\nexprimer ce qui le perturbe en dessinant, dansant, sculptant, respirant\u2026 <\/p>\n\n\n\n<p>Tout en\ndouceur, ce qui coince se lib\u00e8re \u2026<\/p>\n\n\n\n<p style=\"text-align:center\"> <br><strong>L&rsquo;art-th\u00e9rapie pour les<\/strong> <strong>Ados:<\/strong>  <\/p>\n\n\n\n<p>L\u2019adolescence est la p\u00e9riode de tous les contrastes. Explosifs\net tendres nos ados traversent une phase complexe qui doit leur permettre de\ndevenir adultes. Ils passent d\u2019un comportement d\u2019enfant \u00e0 celui d\u2019un adulte.\nChez eux, tout se transforme&nbsp;: le corps, la voix, les valeurs, les\ncroyances etc. Ils sont en pleine mutation psychique et physiologique.<\/p>\n\n\n\n<div class=\"wp-block-media-text alignwide\" style=\"grid-template-columns:23% auto\"><figure class=\"wp-block-media-text__media\"><img loading=\"lazy\" decoding=\"async\" width=\"239\" height=\"157\" src=\"http:\/\/aartherapie.fr\/wp-content\/uploads\/2021\/01\/qui1.png\" alt=\"\" class=\"wp-image-81\"\/><\/figure><div class=\"wp-block-media-text__content\">\n<p>\n\nParfois certains \u00e9v\u00e9nements, certaines \u00e9tapes, engendrent des r\u00e9actions telles que des troubles du comportement, des addictions ou des probl\u00e8mes d\u2019apprentissages.\n\n<\/p>\n<\/div><\/div>\n\n\n\n<p>Tout cela est une \u00e9tape n\u00e9cessaire pour devenir adulte. Lorsqu\u2019il y a de la souffrance, de l\u2019inqui\u00e9tude ou encore de l\u2019incompr\u00e9hension, l\u2019art-th\u00e9rapie peut \u00eatre d\u2019une grande aide. <\/p>\n\n\n\n<p>Cette approche permet en effet de faire le tri dans les \u00e9motions complexes afin d\u2019avancer et de d\u00e9cider, se nuancer, apaiser la relation avec les parents et la fratrie, mettre en forme la personnalit\u00e9.<\/p>\n\n\n\n<p style=\"text-align:center\"> <br><strong>L&rsquo;art-th\u00e9rapie pour les<\/strong> <strong>Adultes:<\/strong><\/p>\n\n\n\n<p>Adulte nous pouvons ressentir le besoin de prendre du recul, de\nsoigner de vieilles blessures, de se sentir accompagner pour traverser des\nturbulences personnelles ou professionnelles, d\u2019apprendre \u00e0 se poser etc.<\/p>\n\n\n\n<p>Parents, nous pouvons parfois nous sentir d\u00e9munis, ou seuls face\n\u00e0 ce r\u00f4le qui nous engage avec nos forces et nos failles. <\/p>\n\n\n\n<div class=\"wp-block-image\"><figure class=\"aligncenter\"><img loading=\"lazy\" decoding=\"async\" width=\"559\" height=\"124\" src=\"http:\/\/aartherapie.fr\/wp-content\/uploads\/2021\/01\/qui3.png\" alt=\"\" class=\"wp-image-84\" srcset=\"https:\/\/aartherapie.fr\/wp-content\/uploads\/2021\/01\/qui3.png 559w, https:\/\/aartherapie.fr\/wp-content\/uploads\/2021\/01\/qui3-300x67.png 300w\" sizes=\"auto, (max-width: 559px) 100vw, 559px\" \/><\/figure><\/div>\n\n\n\n<p>Dans ce cas l\u2019art-th\u00e9rapie peut \u00eatre d\u2019un grand soutien. Tout\nd\u2019abord, les s\u00e9ances permettent de se poser et de s\u2019exprimer dans la douceur et\nla s\u00e9curit\u00e9. Parall\u00e8lement, le travail art-th\u00e9rapeutique am\u00e8ne des changements,\ndes modifications profondes de ce qui se joue \u00e0 l\u2019int\u00e9rieur de nous-m\u00eames et de\nla mani\u00e8re dont nous interagissons avec notre environnement. <\/p>\n","protected":false},"excerpt":{"rendered":"<p>&nbsp;L\u2019art-th\u00e9rapie: cr\u00e9er pour se transformer, r\u00e9parer, d\u00e9nouer les blocages L\u2019art- th\u00e9rapie en quelques mots L&rsquo;art-th\u00e9rapie est une approche th\u00e9rapeutique qui permet, en douceur et \u00e0 travers la cr\u00e9ation, d&rsquo;aborder un travail personnel, de transformer, r\u00e9parer, soigner les blocages. Inutile d\u2019avoir des comp\u00e9tences artistiques. Avec l\u2019art-th\u00e9rapie, c\u2019est vous qui choisissez comment vous exprimer. Je vous propose &hellip; <\/p>\n","protected":false},"author":1,"featured_media":0,"parent":0,"menu_order":0,"comment_status":"closed","ping_status":"closed","template":"","meta":{"ngg_post_thumbnail":0,"footnotes":""},"class_list":["post-5","page","type-page","status-publish","hentry"],"yoast_head":"<!-- This site is optimized with the Yoast SEO plugin v17.9 - https:\/\/yoast.com\/wordpress\/plugins\/seo\/ -->\n<title>Accueil - Art-th\u00e9rapie<\/title>\n<meta name=\"robots\" content=\"index, follow, max-snippet:-1, max-image-preview:large, max-video-preview:-1\" \/>\n<link rel=\"canonical\" href=\"https:\/\/aartherapie.fr\/\" \/>\n<meta property=\"og:locale\" content=\"fr_FR\" \/>\n<meta property=\"og:type\" content=\"article\" \/>\n<meta property=\"og:title\" content=\"Accueil - Art-th\u00e9rapie\" \/>\n<meta property=\"og:description\" content=\"&nbsp;L\u2019art-th\u00e9rapie: cr\u00e9er pour se transformer, r\u00e9parer, d\u00e9nouer les blocages L\u2019art- th\u00e9rapie en quelques mots L&rsquo;art-th\u00e9rapie est une approche th\u00e9rapeutique qui permet, en douceur et \u00e0 travers la cr\u00e9ation, d&rsquo;aborder un travail personnel, de transformer, r\u00e9parer, soigner les blocages. Inutile d\u2019avoir des comp\u00e9tences artistiques. Avec l\u2019art-th\u00e9rapie, c\u2019est vous qui choisissez comment vous exprimer. Je vous propose &hellip;\" \/>\n<meta property=\"og:url\" content=\"https:\/\/aartherapie.fr\/\" \/>\n<meta property=\"og:site_name\" content=\"Art-th\u00e9rapie\" \/>\n<meta property=\"article:modified_time\" content=\"2021-01-05T17:16:44+00:00\" \/>\n<meta property=\"og:image\" content=\"http:\/\/aartherapie.fr\/wp-content\/uploads\/2021\/01\/mots2.png\" \/>\n<meta name=\"twitter:card\" content=\"summary_large_image\" \/>\n<meta name=\"twitter:label1\" content=\"Dur\u00e9e de lecture estim\u00e9e\" \/>\n\t<meta name=\"twitter:data1\" content=\"3 minutes\" \/>\n<script type=\"application\/ld+json\" class=\"yoast-schema-graph\">{\"@context\":\"https:\/\/schema.org\",\"@graph\":[{\"@type\":\"WebSite\",\"@id\":\"https:\/\/aartherapie.fr\/#website\",\"url\":\"https:\/\/aartherapie.fr\/\",\"name\":\"Art-th\\u00e9rapie\",\"description\":\"\",\"potentialAction\":[{\"@type\":\"SearchAction\",\"target\":{\"@type\":\"EntryPoint\",\"urlTemplate\":\"https:\/\/aartherapie.fr\/?s={search_term_string}\"},\"query-input\":\"required name=search_term_string\"}],\"inLanguage\":\"fr-FR\"},{\"@type\":\"ImageObject\",\"@id\":\"https:\/\/aartherapie.fr\/#primaryimage\",\"inLanguage\":\"fr-FR\",\"url\":\"http:\/\/aartherapie.fr\/wp-content\/uploads\/2021\/01\/mots2.png\",\"contentUrl\":\"http:\/\/aartherapie.fr\/wp-content\/uploads\/2021\/01\/mots2.png\"},{\"@type\":\"WebPage\",\"@id\":\"https:\/\/aartherapie.fr\/#webpage\",\"url\":\"https:\/\/aartherapie.fr\/\",\"name\":\"Accueil - Art-th\\u00e9rapie\",\"isPartOf\":{\"@id\":\"https:\/\/aartherapie.fr\/#website\"},\"primaryImageOfPage\":{\"@id\":\"https:\/\/aartherapie.fr\/#primaryimage\"},\"datePublished\":\"2020-10-02T17:56:26+00:00\",\"dateModified\":\"2021-01-05T17:16:44+00:00\",\"breadcrumb\":{\"@id\":\"https:\/\/aartherapie.fr\/#breadcrumb\"},\"inLanguage\":\"fr-FR\",\"potentialAction\":[{\"@type\":\"ReadAction\",\"target\":[\"https:\/\/aartherapie.fr\/\"]}]},{\"@type\":\"BreadcrumbList\",\"@id\":\"https:\/\/aartherapie.fr\/#breadcrumb\",\"itemListElement\":[{\"@type\":\"ListItem\",\"position\":1,\"name\":\"Accueil\",\"item\":\"https:\/\/aartherapie.fr\/\"},{\"@type\":\"ListItem\",\"position\":2,\"name\":\"Accueil\"}]}]}<\/script>\n<!-- \/ Yoast SEO plugin. -->","yoast_head_json":{"title":"Accueil - Art-th\u00e9rapie","robots":{"index":"index","follow":"follow","max-snippet":"max-snippet:-1","max-image-preview":"max-image-preview:large","max-video-preview":"max-video-preview:-1"},"canonical":"https:\/\/aartherapie.fr\/","og_locale":"fr_FR","og_type":"article","og_title":"Accueil - Art-th\u00e9rapie","og_description":"&nbsp;L\u2019art-th\u00e9rapie: cr\u00e9er pour se transformer, r\u00e9parer, d\u00e9nouer les blocages L\u2019art- th\u00e9rapie en quelques mots L&rsquo;art-th\u00e9rapie est une approche th\u00e9rapeutique qui permet, en douceur et \u00e0 travers la cr\u00e9ation, d&rsquo;aborder un travail personnel, de transformer, r\u00e9parer, soigner les blocages. Inutile d\u2019avoir des comp\u00e9tences artistiques. Avec l\u2019art-th\u00e9rapie, c\u2019est vous qui choisissez comment vous exprimer. Je vous propose &hellip;","og_url":"https:\/\/aartherapie.fr\/","og_site_name":"Art-th\u00e9rapie","article_modified_time":"2021-01-05T17:16:44+00:00","og_image":[{"url":"http:\/\/aartherapie.fr\/wp-content\/uploads\/2021\/01\/mots2.png"}],"twitter_card":"summary_large_image","twitter_misc":{"Dur\u00e9e de lecture estim\u00e9e":"3 minutes"},"schema":{"@context":"https:\/\/schema.org","@graph":[{"@type":"WebSite","@id":"https:\/\/aartherapie.fr\/#website","url":"https:\/\/aartherapie.fr\/","name":"Art-th\u00e9rapie","description":"","potentialAction":[{"@type":"SearchAction","target":{"@type":"EntryPoint","urlTemplate":"https:\/\/aartherapie.fr\/?s={search_term_string}"},"query-input":"required name=search_term_string"}],"inLanguage":"fr-FR"},{"@type":"ImageObject","@id":"https:\/\/aartherapie.fr\/#primaryimage","inLanguage":"fr-FR","url":"http:\/\/aartherapie.fr\/wp-content\/uploads\/2021\/01\/mots2.png","contentUrl":"http:\/\/aartherapie.fr\/wp-content\/uploads\/2021\/01\/mots2.png"},{"@type":"WebPage","@id":"https:\/\/aartherapie.fr\/#webpage","url":"https:\/\/aartherapie.fr\/","name":"Accueil - Art-th\u00e9rapie","isPartOf":{"@id":"https:\/\/aartherapie.fr\/#website"},"primaryImageOfPage":{"@id":"https:\/\/aartherapie.fr\/#primaryimage"},"datePublished":"2020-10-02T17:56:26+00:00","dateModified":"2021-01-05T17:16:44+00:00","breadcrumb":{"@id":"https:\/\/aartherapie.fr\/#breadcrumb"},"inLanguage":"fr-FR","potentialAction":[{"@type":"ReadAction","target":["https:\/\/aartherapie.fr\/"]}]},{"@type":"BreadcrumbList","@id":"https:\/\/aartherapie.fr\/#breadcrumb","itemListElement":[{"@type":"ListItem","position":1,"name":"Accueil","item":"https:\/\/aartherapie.fr\/"},{"@type":"ListItem","position":2,"name":"Accueil"}]}]}},"_links":{"self":[{"href":"https:\/\/aartherapie.fr\/index.php?rest_route=\/wp\/v2\/pages\/5","targetHints":{"allow":["GET"]}}],"collection":[{"href":"https:\/\/aartherapie.fr\/index.php?rest_route=\/wp\/v2\/pages"}],"about":[{"href":"https:\/\/aartherapie.fr\/index.php?rest_route=\/wp\/v2\/types\/page"}],"author":[{"embeddable":true,"href":"https:\/\/aartherapie.fr\/index.php?rest_route=\/wp\/v2\/users\/1"}],"replies":[{"embeddable":true,"href":"https:\/\/aartherapie.fr\/index.php?rest_route=%2Fwp%2Fv2%2Fcomments&post=5"}],"version-history":[{"count":29,"href":"https:\/\/aartherapie.fr\/index.php?rest_route=\/wp\/v2\/pages\/5\/revisions"}],"predecessor-version":[{"id":165,"href":"https:\/\/aartherapie.fr\/index.php?rest_route=\/wp\/v2\/pages\/5\/revisions\/165"}],"wp:attachment":[{"href":"https:\/\/aartherapie.fr\/index.php?rest_route=%2Fwp%2Fv2%2Fmedia&parent=5"}],"curies":[{"name":"wp","href":"https:\/\/api.w.org\/{rel}","templated":true}]}}