{"id":86,"date":"2021-01-03T23:42:32","date_gmt":"2021-01-03T22:42:32","guid":{"rendered":"http:\/\/aartherapie.fr\/?page_id=86"},"modified":"2021-04-22T18:57:55","modified_gmt":"2021-04-22T16:57:55","slug":"se-rencontrer","status":"publish","type":"page","link":"https:\/\/aartherapie.fr\/?page_id=86","title":{"rendered":"Prestations"},"content":{"rendered":"\n<p style=\"text-align:center\" class=\"has-medium-font-size\"><strong>Recommandations<\/strong><\/p>\n\n\n\n<div class=\"wp-block-image\"><figure class=\"alignleft is-resized\"><img loading=\"lazy\" decoding=\"async\" src=\"http:\/\/aartherapie.fr\/wp-content\/uploads\/2021\/04\/IMG_20210418_201844-768x1024.jpg\" alt=\"\" class=\"wp-image-162\" width=\"283\" height=\"378\" srcset=\"https:\/\/aartherapie.fr\/wp-content\/uploads\/2021\/04\/IMG_20210418_201844-768x1024.jpg 768w, https:\/\/aartherapie.fr\/wp-content\/uploads\/2021\/04\/IMG_20210418_201844-225x300.jpg 225w, https:\/\/aartherapie.fr\/wp-content\/uploads\/2021\/04\/IMG_20210418_201844-45x60.jpg 45w\" sizes=\"auto, (max-width: 283px) 100vw, 283px\" \/><\/figure><\/div>\n\n\n\n<p class=\"has-text-color has-vivid-green-cyan-color\"> <br><strong>Mat\u00e9riel&nbsp;: <\/strong> <br><\/p>\n\n\n\n<p>il est fourni pour toutes les s\u00e9ances. N\u00e9anmoins, une tenue ample permettant les mouvements ainsi qu\u2019une blouse ou un vieux v\u00eatement.<\/p>\n\n\n\n<p class=\"has-text-color has-vivid-green-cyan-color\"><strong>R\u00e9gularit\u00e9: <\/strong><\/p>\n\n\n\n<p>il est recommand\u00e9 un minimum d\u2019une s\u00e9ance par quinzaine au d\u00e9but de l\u2019accompagnement. Les s\u00e9ances peuvent ensuite s\u2019espacer.<\/p>\n\n\n\n<p class=\"has-text-color has-vivid-green-cyan-color\"><strong>Lieu: <\/strong><\/p>\n\n\n\n<p>je privil\u00e9gie le cabinet pour le bilan et nous d\u00e9terminons ensemble le ou les lieux les mieux adapt\u00e9s pour le suivi (cabinet, domicile ou \u00e9cole)<\/p>\n\n\n\n<div class=\"wp-block-image\"><figure class=\"aligncenter is-resized\"><img loading=\"lazy\" decoding=\"async\" src=\"http:\/\/aartherapie.fr\/wp-content\/uploads\/2021\/04\/IMG_20210418_201814-768x1024.jpg\" alt=\"\" class=\"wp-image-164\" width=\"220\" height=\"294\" srcset=\"https:\/\/aartherapie.fr\/wp-content\/uploads\/2021\/04\/IMG_20210418_201814-768x1024.jpg 768w, https:\/\/aartherapie.fr\/wp-content\/uploads\/2021\/04\/IMG_20210418_201814-225x300.jpg 225w, https:\/\/aartherapie.fr\/wp-content\/uploads\/2021\/04\/IMG_20210418_201814-45x60.jpg 45w\" sizes=\"auto, (max-width: 220px) 100vw, 220px\" \/><\/figure><\/div>\n\n\n\n<p style=\"text-align:center\" class=\"has-medium-font-size\"><strong>Tarifs<\/strong><\/p>\n\n\n\n<div class=\"wp-block-image\"><figure class=\"alignright is-resized\"><img loading=\"lazy\" decoding=\"async\" src=\"http:\/\/aartherapie.fr\/wp-content\/uploads\/2021\/01\/rencontre4.png\" alt=\"\" class=\"wp-image-109\" width=\"219\" height=\"196\"\/><\/figure><\/div>\n\n\n\n<p style=\"text-align:center\"><strong>S\u00e9ance d\u2019une heure en cabinet:&nbsp; <\/strong><\/p>\n\n\n\n<table class=\"wp-block-table aligncenter\"><tbody><tr><td>\n  Enfants et ados\n  <\/td><td>\n  45 euros\n  <\/td><\/tr><tr><td>\n  Adulte ou Duo&nbsp; parent(s)-enfant(s) ou fratrie\n  <\/td><td>\n  50 euros\n  <\/td><\/tr><\/tbody><\/table>\n\n\n\n<figure class=\"wp-block-image is-resized\"><img loading=\"lazy\" decoding=\"async\" src=\"http:\/\/aartherapie.fr\/wp-content\/uploads\/2021\/01\/blanc.png\" alt=\"\" class=\"wp-image-119\" width=\"45\" height=\"27\" srcset=\"https:\/\/aartherapie.fr\/wp-content\/uploads\/2021\/01\/blanc.png 338w, https:\/\/aartherapie.fr\/wp-content\/uploads\/2021\/01\/blanc-300x185.png 300w\" sizes=\"auto, (max-width: 45px) 100vw, 45px\" \/><\/figure>\n\n\n\n<div class=\"wp-block-image\"><figure class=\"alignleft is-resized\"><img loading=\"lazy\" decoding=\"async\" src=\"http:\/\/aartherapie.fr\/wp-content\/uploads\/2021\/01\/rencontre5.png\" alt=\"\" class=\"wp-image-110\" width=\"288\" height=\"177\" srcset=\"https:\/\/aartherapie.fr\/wp-content\/uploads\/2021\/01\/rencontre5.png 338w, https:\/\/aartherapie.fr\/wp-content\/uploads\/2021\/01\/rencontre5-300x185.png 300w\" sizes=\"auto, (max-width: 288px) 100vw, 288px\" \/><\/figure><\/div>\n\n\n\n<p style=\"text-align:center\"><strong>S\u00e9ance d\u20191 heure \u00e0 domicile ou \u00e0 l\u2019\u00e9cole: Audomarois &#8211; Calaisis<\/strong><\/p>\n\n\n\n<table class=\"wp-block-table\"><tbody><tr><td>\n  Enfants et ados\n  <\/td><td>\n  52 euros\n  <\/td><\/tr><tr><td>\n  Adulte ou Duo&nbsp; parent(s)-enfant(s) ou fratrie\n  <\/td><td>\n  57 euros\n  <\/td><\/tr><\/tbody><\/table>\n\n\n\n<figure class=\"wp-block-image is-resized\"><img loading=\"lazy\" decoding=\"async\" src=\"http:\/\/aartherapie.fr\/wp-content\/uploads\/2021\/01\/blanc.png\" alt=\"\" class=\"wp-image-119\" width=\"67\" height=\"41\" srcset=\"https:\/\/aartherapie.fr\/wp-content\/uploads\/2021\/01\/blanc.png 338w, https:\/\/aartherapie.fr\/wp-content\/uploads\/2021\/01\/blanc-300x185.png 300w\" sizes=\"auto, (max-width: 67px) 100vw, 67px\" \/><\/figure>\n\n\n\n<div class=\"wp-block-image\"><figure class=\"alignright is-resized\"><img loading=\"lazy\" decoding=\"async\" src=\"http:\/\/aartherapie.fr\/wp-content\/uploads\/2021\/01\/rencontre1.png\" alt=\"\" class=\"wp-image-106\" width=\"250\" height=\"200\"\/><\/figure><\/div>\n\n\n\n<p style=\"text-align:center\"><strong>S\u00e9ance en institution<\/strong><\/p>\n\n\n\n<table class=\"wp-block-table\"><tbody><tr><td>   Groupe (2 \u00e0 5 personnes)    <em>Bilans   individuels et <\/em><br>   <em>groupal,   entre chaque protocole th\u00e9rapeutique.<\/em>   <\/td><td>\n  60 euros\n  <\/td><\/tr><tr><td>\n  Individuelle&nbsp; ou Duo\n  <em>Bilan(s)\n  inclus.<\/em>\n  <\/td><td>\n  45 euros\n  <\/td><\/tr><\/tbody><\/table>\n","protected":false},"excerpt":{"rendered":"<p>Recommandations Mat\u00e9riel&nbsp;: il est fourni pour toutes les s\u00e9ances. N\u00e9anmoins, une tenue ample permettant les mouvements ainsi qu\u2019une blouse ou un vieux v\u00eatement. R\u00e9gularit\u00e9: il est recommand\u00e9 un minimum d\u2019une s\u00e9ance par quinzaine au d\u00e9but de l\u2019accompagnement. Les s\u00e9ances peuvent ensuite s\u2019espacer. Lieu: je privil\u00e9gie le cabinet pour le bilan et nous d\u00e9terminons ensemble le &hellip; <\/p>\n","protected":false},"author":1,"featured_media":0,"parent":0,"menu_order":0,"comment_status":"closed","ping_status":"closed","template":"","meta":{"ngg_post_thumbnail":0,"footnotes":""},"class_list":["post-86","page","type-page","status-publish","hentry"],"yoast_head":"<!-- This site is optimized with the Yoast SEO plugin v17.9 - https:\/\/yoast.com\/wordpress\/plugins\/seo\/ -->\n<title>Prestations - Art-th\u00e9rapie<\/title>\n<meta name=\"robots\" content=\"index, follow, max-snippet:-1, max-image-preview:large, max-video-preview:-1\" \/>\n<link rel=\"canonical\" href=\"https:\/\/aartherapie.fr\/?page_id=86\" \/>\n<meta property=\"og:locale\" content=\"fr_FR\" \/>\n<meta property=\"og:type\" content=\"article\" \/>\n<meta property=\"og:title\" content=\"Prestations - Art-th\u00e9rapie\" \/>\n<meta property=\"og:description\" content=\"Recommandations Mat\u00e9riel&nbsp;: il est fourni pour toutes les s\u00e9ances. N\u00e9anmoins, une tenue ample permettant les mouvements ainsi qu\u2019une blouse ou un vieux v\u00eatement. R\u00e9gularit\u00e9: il est recommand\u00e9 un minimum d\u2019une s\u00e9ance par quinzaine au d\u00e9but de l\u2019accompagnement. Les s\u00e9ances peuvent ensuite s\u2019espacer. Lieu: je privil\u00e9gie le cabinet pour le bilan et nous d\u00e9terminons ensemble le &hellip;\" \/>\n<meta property=\"og:url\" content=\"https:\/\/aartherapie.fr\/?page_id=86\" \/>\n<meta property=\"og:site_name\" content=\"Art-th\u00e9rapie\" \/>\n<meta property=\"article:modified_time\" content=\"2021-04-22T16:57:55+00:00\" \/>\n<meta property=\"og:image\" content=\"http:\/\/aartherapie.fr\/wp-content\/uploads\/2021\/04\/IMG_20210418_201844-768x1024.jpg\" \/>\n<meta name=\"twitter:card\" content=\"summary_large_image\" \/>\n<meta name=\"twitter:label1\" content=\"Dur\u00e9e de lecture estim\u00e9e\" \/>\n\t<meta name=\"twitter:data1\" content=\"1 minute\" \/>\n<script type=\"application\/ld+json\" class=\"yoast-schema-graph\">{\"@context\":\"https:\/\/schema.org\",\"@graph\":[{\"@type\":\"WebSite\",\"@id\":\"https:\/\/aartherapie.fr\/#website\",\"url\":\"https:\/\/aartherapie.fr\/\",\"name\":\"Art-th\\u00e9rapie\",\"description\":\"\",\"potentialAction\":[{\"@type\":\"SearchAction\",\"target\":{\"@type\":\"EntryPoint\",\"urlTemplate\":\"https:\/\/aartherapie.fr\/?s={search_term_string}\"},\"query-input\":\"required name=search_term_string\"}],\"inLanguage\":\"fr-FR\"},{\"@type\":\"ImageObject\",\"@id\":\"https:\/\/aartherapie.fr\/?page_id=86#primaryimage\",\"inLanguage\":\"fr-FR\",\"url\":\"http:\/\/aartherapie.fr\/wp-content\/uploads\/2021\/04\/IMG_20210418_201844-768x1024.jpg\",\"contentUrl\":\"http:\/\/aartherapie.fr\/wp-content\/uploads\/2021\/04\/IMG_20210418_201844-768x1024.jpg\"},{\"@type\":\"WebPage\",\"@id\":\"https:\/\/aartherapie.fr\/?page_id=86#webpage\",\"url\":\"https:\/\/aartherapie.fr\/?page_id=86\",\"name\":\"Prestations - Art-th\\u00e9rapie\",\"isPartOf\":{\"@id\":\"https:\/\/aartherapie.fr\/#website\"},\"primaryImageOfPage\":{\"@id\":\"https:\/\/aartherapie.fr\/?page_id=86#primaryimage\"},\"datePublished\":\"2021-01-03T22:42:32+00:00\",\"dateModified\":\"2021-04-22T16:57:55+00:00\",\"breadcrumb\":{\"@id\":\"https:\/\/aartherapie.fr\/?page_id=86#breadcrumb\"},\"inLanguage\":\"fr-FR\",\"potentialAction\":[{\"@type\":\"ReadAction\",\"target\":[\"https:\/\/aartherapie.fr\/?page_id=86\"]}]},{\"@type\":\"BreadcrumbList\",\"@id\":\"https:\/\/aartherapie.fr\/?page_id=86#breadcrumb\",\"itemListElement\":[{\"@type\":\"ListItem\",\"position\":1,\"name\":\"Accueil\",\"item\":\"https:\/\/aartherapie.fr\/\"},{\"@type\":\"ListItem\",\"position\":2,\"name\":\"Prestations\"}]}]}<\/script>\n<!-- \/ Yoast SEO plugin. -->","yoast_head_json":{"title":"Prestations - Art-th\u00e9rapie","robots":{"index":"index","follow":"follow","max-snippet":"max-snippet:-1","max-image-preview":"max-image-preview:large","max-video-preview":"max-video-preview:-1"},"canonical":"https:\/\/aartherapie.fr\/?page_id=86","og_locale":"fr_FR","og_type":"article","og_title":"Prestations - Art-th\u00e9rapie","og_description":"Recommandations Mat\u00e9riel&nbsp;: il est fourni pour toutes les s\u00e9ances. N\u00e9anmoins, une tenue ample permettant les mouvements ainsi qu\u2019une blouse ou un vieux v\u00eatement. R\u00e9gularit\u00e9: il est recommand\u00e9 un minimum d\u2019une s\u00e9ance par quinzaine au d\u00e9but de l\u2019accompagnement. Les s\u00e9ances peuvent ensuite s\u2019espacer. Lieu: je privil\u00e9gie le cabinet pour le bilan et nous d\u00e9terminons ensemble le &hellip;","og_url":"https:\/\/aartherapie.fr\/?page_id=86","og_site_name":"Art-th\u00e9rapie","article_modified_time":"2021-04-22T16:57:55+00:00","og_image":[{"url":"http:\/\/aartherapie.fr\/wp-content\/uploads\/2021\/04\/IMG_20210418_201844-768x1024.jpg"}],"twitter_card":"summary_large_image","twitter_misc":{"Dur\u00e9e de lecture estim\u00e9e":"1 minute"},"schema":{"@context":"https:\/\/schema.org","@graph":[{"@type":"WebSite","@id":"https:\/\/aartherapie.fr\/#website","url":"https:\/\/aartherapie.fr\/","name":"Art-th\u00e9rapie","description":"","potentialAction":[{"@type":"SearchAction","target":{"@type":"EntryPoint","urlTemplate":"https:\/\/aartherapie.fr\/?s={search_term_string}"},"query-input":"required name=search_term_string"}],"inLanguage":"fr-FR"},{"@type":"ImageObject","@id":"https:\/\/aartherapie.fr\/?page_id=86#primaryimage","inLanguage":"fr-FR","url":"http:\/\/aartherapie.fr\/wp-content\/uploads\/2021\/04\/IMG_20210418_201844-768x1024.jpg","contentUrl":"http:\/\/aartherapie.fr\/wp-content\/uploads\/2021\/04\/IMG_20210418_201844-768x1024.jpg"},{"@type":"WebPage","@id":"https:\/\/aartherapie.fr\/?page_id=86#webpage","url":"https:\/\/aartherapie.fr\/?page_id=86","name":"Prestations - Art-th\u00e9rapie","isPartOf":{"@id":"https:\/\/aartherapie.fr\/#website"},"primaryImageOfPage":{"@id":"https:\/\/aartherapie.fr\/?page_id=86#primaryimage"},"datePublished":"2021-01-03T22:42:32+00:00","dateModified":"2021-04-22T16:57:55+00:00","breadcrumb":{"@id":"https:\/\/aartherapie.fr\/?page_id=86#breadcrumb"},"inLanguage":"fr-FR","potentialAction":[{"@type":"ReadAction","target":["https:\/\/aartherapie.fr\/?page_id=86"]}]},{"@type":"BreadcrumbList","@id":"https:\/\/aartherapie.fr\/?page_id=86#breadcrumb","itemListElement":[{"@type":"ListItem","position":1,"name":"Accueil","item":"https:\/\/aartherapie.fr\/"},{"@type":"ListItem","position":2,"name":"Prestations"}]}]}},"_links":{"self":[{"href":"https:\/\/aartherapie.fr\/index.php?rest_route=\/wp\/v2\/pages\/86","targetHints":{"allow":["GET"]}}],"collection":[{"href":"https:\/\/aartherapie.fr\/index.php?rest_route=\/wp\/v2\/pages"}],"about":[{"href":"https:\/\/aartherapie.fr\/index.php?rest_route=\/wp\/v2\/types\/page"}],"author":[{"embeddable":true,"href":"https:\/\/aartherapie.fr\/index.php?rest_route=\/wp\/v2\/users\/1"}],"replies":[{"embeddable":true,"href":"https:\/\/aartherapie.fr\/index.php?rest_route=%2Fwp%2Fv2%2Fcomments&post=86"}],"version-history":[{"count":10,"href":"https:\/\/aartherapie.fr\/index.php?rest_route=\/wp\/v2\/pages\/86\/revisions"}],"predecessor-version":[{"id":174,"href":"https:\/\/aartherapie.fr\/index.php?rest_route=\/wp\/v2\/pages\/86\/revisions\/174"}],"wp:attachment":[{"href":"https:\/\/aartherapie.fr\/index.php?rest_route=%2Fwp%2Fv2%2Fmedia&parent=86"}],"curies":[{"name":"wp","href":"https:\/\/api.w.org\/{rel}","templated":true}]}}