{"id":88,"date":"2021-01-03T23:43:14","date_gmt":"2021-01-03T22:43:14","guid":{"rendered":"http:\/\/aartherapie.fr\/?page_id=88"},"modified":"2021-01-04T00:04:15","modified_gmt":"2021-01-03T23:04:15","slug":"qui-suis-je","status":"publish","type":"page","link":"https:\/\/aartherapie.fr\/?page_id=88","title":{"rendered":"Qui suis-je?"},"content":{"rendered":"\n<div class=\"wp-block-image\"><figure class=\"aligncenter is-resized\"><img loading=\"lazy\" decoding=\"async\" src=\"http:\/\/aartherapie.fr\/wp-content\/uploads\/2021\/01\/moi.png\" alt=\"\" class=\"wp-image-93\" width=\"744\" height=\"247\" srcset=\"https:\/\/aartherapie.fr\/wp-content\/uploads\/2021\/01\/moi.png 699w, https:\/\/aartherapie.fr\/wp-content\/uploads\/2021\/01\/moi-300x100.png 300w\" sizes=\"auto, (max-width: 744px) 100vw, 744px\" \/><\/figure><\/div>\n\n\n\n<p>J\u2019accompagne depuis de nombreuses ann\u00e9es des enfants, des\nadolescents et leurs familles qui traversent des moments difficiles. <\/p>\n\n\n\n<p>Je suis artiste depuis toujours, professeur d\u2019arts, enseignante\nsp\u00e9cialis\u00e9e et art-th\u00e9rapeute.<\/p>\n\n\n\n<p>Je me sers des arts traditionnels (arts plastiques, sculpture,\n\u00e9criture, gravure, danse, musique\u2026) et de mon exp\u00e9rience pour accompagner et\naider \u00e0 d\u00e9passer les difficult\u00e9s.<\/p>\n\n\n\n<p><strong>Artiste depuis toujours\u2026.<\/strong><\/p>\n\n\n\n<div class=\"wp-block-image\"><figure class=\"alignright\"><img loading=\"lazy\" decoding=\"async\" width=\"166\" height=\"308\" src=\"http:\/\/aartherapie.fr\/wp-content\/uploads\/2021\/01\/moi2.png\" alt=\"\" class=\"wp-image-95\" srcset=\"https:\/\/aartherapie.fr\/wp-content\/uploads\/2021\/01\/moi2.png 166w, https:\/\/aartherapie.fr\/wp-content\/uploads\/2021\/01\/moi2-162x300.png 162w\" sizes=\"auto, (max-width: 166px) 100vw, 166px\" \/><\/figure><\/div>\n\n\n\n<p>Mes plus vieux souvenirs me viennent de mes mains cr\u00e9ant,\nassemblant, couleurs et mat\u00e9riaux. J\u2019ai \u00e9tudi\u00e9 la sculpture aux Beaux &#8211; Arts,\nles arts plastiques \u00e0 l\u2019Universit\u00e9. J\u2019ai petit \u00e0 petit trouv\u00e9 une&nbsp; mani\u00e8re&nbsp;\nsinguli\u00e8re de m\u2019exprimer dans mes cr\u00e9ations. Aujourd\u2019hui, mon travail\npersonnel est ax\u00e9 sur l\u2019introspection. C\u2019est le dessin et la gravure qui me permettent\nde l\u2019exprimer.<\/p>\n\n\n\n<p><strong>&nbsp;Professeurs\nd\u2019arts-appliqu\u00e9s depuis 18 ans\u2026<\/strong><\/p>\n\n\n\n<p>J\u2019exerce aupr\u00e8s d\u2019adolescents en qu\u00eate d\u2019eux-m\u00eames. Ces ados\nsont dans une phase de transformation et j\u2019ai souvent constat\u00e9 que l\u2019art leur\npermet de s\u2019exprimer, de s\u2019assumer et de tranquillement&nbsp; traverser cette \u00e9tape vers le devenir adulte.<\/p>\n\n\n\n<p><strong>&nbsp;Mais aussi Enseignante\nsp\u00e9cialis\u00e9e\u2026<\/strong><\/p>\n\n\n\n<p>Au contact de r\u00e9elles difficult\u00e9s d\u2019apprentissages, soit \u00e0 cause\nd\u2019un handicap, soit \u00e0 cause de troubles du comportement, je me suis form\u00e9e dans\nl\u2019accompagnement de ces jeunes (dyslexiques, dysphasiques, dysgraphiques,\nautistes, porteurs de trisomie ou vivants avec un TDAH).<\/p>\n\n\n\n<p><strong>&nbsp;Et surtout\nArt-th\u00e9rapeute\u2026<\/strong><\/p>\n\n\n\n<p>&nbsp;L\u2019art ayant \u00e9t\u00e9 un\nlangage qui m\u2019a permis de me construire, j\u2019ai, en me formant en tant\nqu\u2019art-th\u00e9rapeute, associ\u00e9 mon exp\u00e9rience d\u2019enseignante et celle d\u2019artiste dans\nle cadre du soin.<\/p>\n\n\n\n<p>Depuis quelques ann\u00e9es, je suis intervenue en tant\nqu\u2019art-th\u00e9rapeute en maison d\u2019enfants, en service hospitalier, en programme de\nr\u00e9ussite \u00e9ducative\u2026<\/p>\n\n\n\n<p>Je travaille \u00e9galement en r\u00e9seau avec des partenaires pr\u00e9cieux:\nergoth\u00e9rapeutes, enseignants, orthophonistes, psychologues, \u00e9ducateurs,\nr\u00e9f\u00e9rents de parcours \u2026<\/p>\n\n\n\n<p>Mon exp\u00e9rience d\u2019art-th\u00e9rapeute m\u2019a permis\nde d\u00e9velopper des outils et des m\u00e9thodes pour redonner con\ufb01ance et r\u00e9parer ce\nqui a \u00e9t\u00e9 ab\u00eem\u00e9 par une histoire difficile.<\/p>\n\n\n\n<p>Dans mes interventions, j\u2019utilise diff\u00e9rentes m\u00e9diations: art de la sc\u00e8ne\n(marionnettes, th\u00e9\u00e2tre, masques), arts plastiques (dessins, peinture,\nsculpture, gravure) et approche corporelle (la danse et des temps de centration\n: yoga , relaxation, musique).<\/p>\n\n\n\n<p style=\"text-align:center\" class=\"has-medium-font-size\"><strong>Formation et dipl\u00f4mes <\/strong><\/p>\n\n\n\n<p><strong>Art-th\u00e9rapie:<\/strong><strong><\/strong><\/p>\n\n\n\n<ul class=\"wp-block-list\"><li>2019:\nTitre d\u2019art-th\u00e9rapeute, Certification d\u2019\u00e9tat niveau II, Puzzle (Association\nr\u00e9gionale d\u2019art-th\u00e9rapie du Npdc). Formation r\u00e9pertori\u00e9e par la FFAT (f\u00e9d\u00e9ration\nFran\u00e7aise des Art-Th\u00e9rapeutes)<\/li><\/ul>\n\n\n\n<p><strong>Ecole\nd\u2019art:<\/strong><strong><\/strong><\/p>\n\n\n\n<p>&#8211;\n2001: Licence, arts mention arts plastiques. Universit\u00e9 LILLE III, Tourcoing\n(59)<\/p>\n\n\n\n<p>&#8211;\n1999: Dipl\u00f4me des m\u00e9tiers d\u2019arts, sculpture sur pierre et restauration, Ecole\ndes Beaux-Arts d\u2019Arras (62)<\/p>\n\n\n\n<p><strong>Professeur:<\/strong><strong><\/strong><\/p>\n\n\n\n<p>&#8211;\n2010: Enseignement adapt\u00e9, 2CASH-D (Certificat Compl\u00e9mentaire pour les\nenseignements Adapt\u00e9s et la Scolarisation des \u00e9l\u00e8ves en situation de Handicap\noption D trouble des fonctions cognitives)<\/p>\n\n\n\n<p>&#8211;\n2004: Concours PLP, arts appliqu\u00e9s, Universit\u00e9 Rennes II (35)<\/p>\n","protected":false},"excerpt":{"rendered":"<p>J\u2019accompagne depuis de nombreuses ann\u00e9es des enfants, des adolescents et leurs familles qui traversent des moments difficiles. Je suis artiste depuis toujours, professeur d\u2019arts, enseignante sp\u00e9cialis\u00e9e et art-th\u00e9rapeute. Je me sers des arts traditionnels (arts plastiques, sculpture, \u00e9criture, gravure, danse, musique\u2026) et de mon exp\u00e9rience pour accompagner et aider \u00e0 d\u00e9passer les difficult\u00e9s. Artiste depuis &hellip; <\/p>\n","protected":false},"author":1,"featured_media":0,"parent":0,"menu_order":0,"comment_status":"closed","ping_status":"closed","template":"","meta":{"ngg_post_thumbnail":0,"footnotes":""},"class_list":["post-88","page","type-page","status-publish","hentry"],"yoast_head":"<!-- This site is optimized with the Yoast SEO plugin v17.9 - https:\/\/yoast.com\/wordpress\/plugins\/seo\/ -->\n<title>Qui suis-je? - Art-th\u00e9rapie<\/title>\n<meta name=\"robots\" content=\"index, follow, max-snippet:-1, max-image-preview:large, max-video-preview:-1\" \/>\n<link rel=\"canonical\" href=\"https:\/\/aartherapie.fr\/?page_id=88\" \/>\n<meta property=\"og:locale\" content=\"fr_FR\" \/>\n<meta property=\"og:type\" content=\"article\" \/>\n<meta property=\"og:title\" content=\"Qui suis-je? - Art-th\u00e9rapie\" \/>\n<meta property=\"og:description\" content=\"J\u2019accompagne depuis de nombreuses ann\u00e9es des enfants, des adolescents et leurs familles qui traversent des moments difficiles. Je suis artiste depuis toujours, professeur d\u2019arts, enseignante sp\u00e9cialis\u00e9e et art-th\u00e9rapeute. Je me sers des arts traditionnels (arts plastiques, sculpture, \u00e9criture, gravure, danse, musique\u2026) et de mon exp\u00e9rience pour accompagner et aider \u00e0 d\u00e9passer les difficult\u00e9s. Artiste depuis &hellip;\" \/>\n<meta property=\"og:url\" content=\"https:\/\/aartherapie.fr\/?page_id=88\" \/>\n<meta property=\"og:site_name\" content=\"Art-th\u00e9rapie\" \/>\n<meta property=\"article:modified_time\" content=\"2021-01-03T23:04:15+00:00\" \/>\n<meta property=\"og:image\" content=\"http:\/\/aartherapie.fr\/wp-content\/uploads\/2021\/01\/moi.png\" \/>\n<meta name=\"twitter:card\" content=\"summary_large_image\" \/>\n<meta name=\"twitter:label1\" content=\"Dur\u00e9e de lecture estim\u00e9e\" \/>\n\t<meta name=\"twitter:data1\" content=\"3 minutes\" \/>\n<script type=\"application\/ld+json\" class=\"yoast-schema-graph\">{\"@context\":\"https:\/\/schema.org\",\"@graph\":[{\"@type\":\"WebSite\",\"@id\":\"https:\/\/aartherapie.fr\/#website\",\"url\":\"https:\/\/aartherapie.fr\/\",\"name\":\"Art-th\\u00e9rapie\",\"description\":\"\",\"potentialAction\":[{\"@type\":\"SearchAction\",\"target\":{\"@type\":\"EntryPoint\",\"urlTemplate\":\"https:\/\/aartherapie.fr\/?s={search_term_string}\"},\"query-input\":\"required name=search_term_string\"}],\"inLanguage\":\"fr-FR\"},{\"@type\":\"ImageObject\",\"@id\":\"https:\/\/aartherapie.fr\/?page_id=88#primaryimage\",\"inLanguage\":\"fr-FR\",\"url\":\"http:\/\/aartherapie.fr\/wp-content\/uploads\/2021\/01\/moi.png\",\"contentUrl\":\"http:\/\/aartherapie.fr\/wp-content\/uploads\/2021\/01\/moi.png\"},{\"@type\":\"WebPage\",\"@id\":\"https:\/\/aartherapie.fr\/?page_id=88#webpage\",\"url\":\"https:\/\/aartherapie.fr\/?page_id=88\",\"name\":\"Qui suis-je? - Art-th\\u00e9rapie\",\"isPartOf\":{\"@id\":\"https:\/\/aartherapie.fr\/#website\"},\"primaryImageOfPage\":{\"@id\":\"https:\/\/aartherapie.fr\/?page_id=88#primaryimage\"},\"datePublished\":\"2021-01-03T22:43:14+00:00\",\"dateModified\":\"2021-01-03T23:04:15+00:00\",\"breadcrumb\":{\"@id\":\"https:\/\/aartherapie.fr\/?page_id=88#breadcrumb\"},\"inLanguage\":\"fr-FR\",\"potentialAction\":[{\"@type\":\"ReadAction\",\"target\":[\"https:\/\/aartherapie.fr\/?page_id=88\"]}]},{\"@type\":\"BreadcrumbList\",\"@id\":\"https:\/\/aartherapie.fr\/?page_id=88#breadcrumb\",\"itemListElement\":[{\"@type\":\"ListItem\",\"position\":1,\"name\":\"Accueil\",\"item\":\"https:\/\/aartherapie.fr\/\"},{\"@type\":\"ListItem\",\"position\":2,\"name\":\"Qui suis-je?\"}]}]}<\/script>\n<!-- \/ Yoast SEO plugin. -->","yoast_head_json":{"title":"Qui suis-je? - Art-th\u00e9rapie","robots":{"index":"index","follow":"follow","max-snippet":"max-snippet:-1","max-image-preview":"max-image-preview:large","max-video-preview":"max-video-preview:-1"},"canonical":"https:\/\/aartherapie.fr\/?page_id=88","og_locale":"fr_FR","og_type":"article","og_title":"Qui suis-je? - Art-th\u00e9rapie","og_description":"J\u2019accompagne depuis de nombreuses ann\u00e9es des enfants, des adolescents et leurs familles qui traversent des moments difficiles. Je suis artiste depuis toujours, professeur d\u2019arts, enseignante sp\u00e9cialis\u00e9e et art-th\u00e9rapeute. Je me sers des arts traditionnels (arts plastiques, sculpture, \u00e9criture, gravure, danse, musique\u2026) et de mon exp\u00e9rience pour accompagner et aider \u00e0 d\u00e9passer les difficult\u00e9s. Artiste depuis &hellip;","og_url":"https:\/\/aartherapie.fr\/?page_id=88","og_site_name":"Art-th\u00e9rapie","article_modified_time":"2021-01-03T23:04:15+00:00","og_image":[{"url":"http:\/\/aartherapie.fr\/wp-content\/uploads\/2021\/01\/moi.png"}],"twitter_card":"summary_large_image","twitter_misc":{"Dur\u00e9e de lecture estim\u00e9e":"3 minutes"},"schema":{"@context":"https:\/\/schema.org","@graph":[{"@type":"WebSite","@id":"https:\/\/aartherapie.fr\/#website","url":"https:\/\/aartherapie.fr\/","name":"Art-th\u00e9rapie","description":"","potentialAction":[{"@type":"SearchAction","target":{"@type":"EntryPoint","urlTemplate":"https:\/\/aartherapie.fr\/?s={search_term_string}"},"query-input":"required name=search_term_string"}],"inLanguage":"fr-FR"},{"@type":"ImageObject","@id":"https:\/\/aartherapie.fr\/?page_id=88#primaryimage","inLanguage":"fr-FR","url":"http:\/\/aartherapie.fr\/wp-content\/uploads\/2021\/01\/moi.png","contentUrl":"http:\/\/aartherapie.fr\/wp-content\/uploads\/2021\/01\/moi.png"},{"@type":"WebPage","@id":"https:\/\/aartherapie.fr\/?page_id=88#webpage","url":"https:\/\/aartherapie.fr\/?page_id=88","name":"Qui suis-je? - Art-th\u00e9rapie","isPartOf":{"@id":"https:\/\/aartherapie.fr\/#website"},"primaryImageOfPage":{"@id":"https:\/\/aartherapie.fr\/?page_id=88#primaryimage"},"datePublished":"2021-01-03T22:43:14+00:00","dateModified":"2021-01-03T23:04:15+00:00","breadcrumb":{"@id":"https:\/\/aartherapie.fr\/?page_id=88#breadcrumb"},"inLanguage":"fr-FR","potentialAction":[{"@type":"ReadAction","target":["https:\/\/aartherapie.fr\/?page_id=88"]}]},{"@type":"BreadcrumbList","@id":"https:\/\/aartherapie.fr\/?page_id=88#breadcrumb","itemListElement":[{"@type":"ListItem","position":1,"name":"Accueil","item":"https:\/\/aartherapie.fr\/"},{"@type":"ListItem","position":2,"name":"Qui suis-je?"}]}]}},"_links":{"self":[{"href":"https:\/\/aartherapie.fr\/index.php?rest_route=\/wp\/v2\/pages\/88","targetHints":{"allow":["GET"]}}],"collection":[{"href":"https:\/\/aartherapie.fr\/index.php?rest_route=\/wp\/v2\/pages"}],"about":[{"href":"https:\/\/aartherapie.fr\/index.php?rest_route=\/wp\/v2\/types\/page"}],"author":[{"embeddable":true,"href":"https:\/\/aartherapie.fr\/index.php?rest_route=\/wp\/v2\/users\/1"}],"replies":[{"embeddable":true,"href":"https:\/\/aartherapie.fr\/index.php?rest_route=%2Fwp%2Fv2%2Fcomments&post=88"}],"version-history":[{"count":3,"href":"https:\/\/aartherapie.fr\/index.php?rest_route=\/wp\/v2\/pages\/88\/revisions"}],"predecessor-version":[{"id":96,"href":"https:\/\/aartherapie.fr\/index.php?rest_route=\/wp\/v2\/pages\/88\/revisions\/96"}],"wp:attachment":[{"href":"https:\/\/aartherapie.fr\/index.php?rest_route=%2Fwp%2Fv2%2Fmedia&parent=88"}],"curies":[{"name":"wp","href":"https:\/\/api.w.org\/{rel}","templated":true}]}}